{"id":34,"date":"2023-07-12T15:11:45","date_gmt":"2023-07-12T15:11:45","guid":{"rendered":"https:\/\/web4.rkinformatika.net\/bkiconsulting\/?page_id=34"},"modified":"2025-11-26T11:35:36","modified_gmt":"2025-11-26T11:35:36","slug":"accesibilidad","status":"publish","type":"page","link":"https:\/\/lblconsulting.es\/eu\/accesibilidad\/","title":{"rendered":"Irisgarritasuna"},"content":{"rendered":"<div data-elementor-type=\"wp-page\" data-elementor-id=\"34\" class=\"elementor elementor-34\" data-elementor-post-type=\"page\">\n\t\t\t\t\t\t<section class=\"elementor-section elementor-top-section elementor-element elementor-element-6e65879f elementor-section-boxed elementor-section-height-default elementor-section-height-default\" data-id=\"6e65879f\" data-element_type=\"section\" data-e-type=\"section\">\n\t\t\t\t\t\t<div class=\"elementor-container elementor-column-gap-default\">\n\t\t\t\t\t<div class=\"elementor-column elementor-col-100 elementor-top-column elementor-element elementor-element-15f411b8\" data-id=\"15f411b8\" data-element_type=\"column\" data-e-type=\"column\">\n\t\t\t<div class=\"elementor-widget-wrap elementor-element-populated\">\n\t\t\t\t\t\t<div class=\"elementor-element elementor-element-b9c111c elementor-widget elementor-widget-text-editor\" data-id=\"b9c111c\" data-element_type=\"widget\" data-e-type=\"widget\" data-widget_type=\"text-editor.default\">\n\t\t\t\t<div class=\"elementor-widget-container\">\n\t\t\t\t\t\t\t\t\t<h3><strong>ACCESIBILIDAD<\/strong><\/h3><p><strong>LBL consulting<\/strong>\u00a0se ha comprometido a hacer accesible su sitio web, de conformidad con el\u00a0<a href=\"https:\/\/www.boe.es\/diario_boe\/txt.php?id=BOE-A-2018-12699\">Real Decreto 1112\/2018, de 7 de septiembre, sobre accesibilidad de los sitios web y aplicaciones para dispositivos m\u00f3viles del sector p\u00fablico.<\/a><\/p><p>La presente declaraci\u00f3n de accesibilidad se aplica al sitio web <strong>https:\/\/lblconsulting.es\/<\/strong><\/p><h4><strong>Situaci\u00f3n de cumplimiento<\/strong><\/h4><p>Este sitio web es parcialmente conforme con el\u00a0<a href=\"https:\/\/www.boe.es\/diario_boe\/txt.php?id=BOE-A-2018-12699\">RD 1112\/2018<\/a>.<\/p><h4><strong>Preparaci\u00f3n para la siguiente declaraci\u00f3n de accesibilidad<\/strong><\/h4><p>La presente declaraci\u00f3n fue preparada el <strong>26 de noviembre de 2025.<\/strong><\/p><p>El m\u00e9todo empleado para preparar la declaraci\u00f3n ha sido una autoevaluaci\u00f3n llevada a cabo por el propio organismo.<\/p><p>Observaciones y datos de contacto<\/p><p>Puede realizar comunicaciones sobre requisitos de accesibilidad (art\u00edculo 10.2.a del RD 1112\/2018) como, por ejemplo:<\/p><ul><li>Informar sobre cualquier posible incumplimiento por parte de este sitio web<\/li><li>Transmitir otras dificultades de acceso al contenido<\/li><li>Formular cualquier otra consulta o sugerencia de mejora relativa a la accesibilidad del sitio web<\/li><\/ul><p>a trav\u00e9s del formulario de contacto de este sitio web o a trav\u00e9s del n\u00famero de tel\u00e9fono <strong>(+34) 667 39 69 39.<\/strong><\/p><p>Puede presentar:<\/p><ul><li>Queja relativa al cumplimiento de los requisitos del RD 1112\/2018 o<\/li><li>Solicitud de Informaci\u00f3n accesible relativa a:<ul><li>Contenidos que est\u00e1n excluidos del \u00e1mbito de aplicaci\u00f3n del RD 1112\/2018 seg\u00fan lo establecido por el art\u00edculo 3, apartado 4<\/li><li>Contenidos que est\u00e1n exentos del cumplimiento de los requisitos de accesibilidad por imponer una carga desproporcionada<\/li><\/ul><\/li><\/ul><p>En la Solicitud de informaci\u00f3n accesible, se debe concretar, con toda claridad, los hechos, razones y petici\u00f3n que permitan constatar que se trata de una solicitud razonable y leg\u00edtima.<\/p><p>Las quejas y reclamaciones sobre informaci\u00f3n accesible se realizar\u00e1n a trav\u00e9s de la sede electr\u00f3nica (<strong>https:\/\/lblconsulting.es\/contacto\/<\/strong>), y ser\u00e1n recibidas y tratadas por el \u00e1rea de Sistemas de la Informaci\u00f3n de <strong>LBL consulting<\/strong>.<\/p><h4><strong>Contenido opcional<\/strong><\/h4><p>Este portal est\u00e1 dise\u00f1ado para poder cambiar el tama\u00f1o del texto y el color, as\u00ed como el fondo de la p\u00e1gina mediante las opciones de configuraci\u00f3n est\u00e1ndar de los navegadores.<\/p><p>Si desea cambiar el tama\u00f1o de letra del texto en los principales navegadores gr\u00e1ficos utilice los siguientes men\u00fas:<\/p><ul><li>Internet Explorer, Mozilla y Firefox: Ver &gt; Tama\u00f1o del texto<\/li><li>Opera: Ver &gt; Zoom<\/li><li>Safari: Ver &gt; Hacer el texto m\u00e1s grande<\/li><li>Chrome: Controla la p\u00e1gina actual &gt; Tama\u00f1o del texto<\/li><li>Para modificar el tama\u00f1o de todo en la p\u00e1gina:<ul><li>Ctrl + + para aumentarlo<\/li><li>Ctrl + \u2013 para disminuirlo<\/li><li>Ctrl + 0 restaura el tama\u00f1o original del texto<\/li><li>Si lo que quiere es anular la hoja de estilos o modificar el color del texto, puede consultar la p\u00e1gina How to Change Text Size or Colors de la WAI, que se puede leer traducida al espa\u00f1ol en \u00bfC\u00f3mo cambiar el tama\u00f1o del texto o colores?<\/li><\/ul><\/li><\/ul>\t\t\t\t\t\t\t\t<\/div>\n\t\t\t\t<\/div>\n\t\t\t\t\t<\/div>\n\t\t<\/div>\n\t\t\t\t\t<\/div>\n\t\t<\/section>\n\t\t\t\t<\/div>","protected":false},"excerpt":{"rendered":"<p>ACCESIBILIDAD LBL consulting\u00a0se ha comprometido a hacer accesible su sitio web, de conformidad con el\u00a0Real Decreto 1112\/2018, de 7 de septiembre, sobre accesibilidad de los sitios web y aplicaciones para dispositivos m\u00f3viles del sector p\u00fablico. La presente declaraci\u00f3n de accesibilidad se aplica al sitio web https:\/\/lblconsulting.es\/ Situaci\u00f3n de cumplimiento Este sitio web es parcialmente conforme [&hellip;]<\/p>\n","protected":false},"author":1,"featured_media":0,"parent":0,"menu_order":0,"comment_status":"closed","ping_status":"closed","template":"elementor_canvas","meta":{"footnotes":""},"class_list":["post-34","page","type-page","status-publish","hentry"],"yoast_head":"<!-- This site is optimized with the Yoast SEO plugin v27.3 - https:\/\/yoast.com\/product\/yoast-seo-wordpress\/ -->\n<title>Accesibilidad - LBL Consulting<\/title>\n<meta name=\"robots\" content=\"index, follow, max-snippet:-1, max-image-preview:large, max-video-preview:-1\" \/>\n<link rel=\"canonical\" href=\"https:\/\/lblconsulting.es\/eu\/accesibilidad\/\" \/>\n<meta property=\"og:locale\" content=\"en_US\" \/>\n<meta property=\"og:type\" content=\"article\" \/>\n<meta property=\"og:title\" content=\"Accesibilidad - LBL Consulting\" \/>\n<meta property=\"og:description\" content=\"ACCESIBILIDAD LBL consulting\u00a0se ha comprometido a hacer accesible su sitio web, de conformidad con el\u00a0Real Decreto 1112\/2018, de 7 de septiembre, sobre accesibilidad de los sitios web y aplicaciones para dispositivos m\u00f3viles del sector p\u00fablico. La presente declaraci\u00f3n de accesibilidad se aplica al sitio web https:\/\/lblconsulting.es\/ Situaci\u00f3n de cumplimiento Este sitio web es parcialmente conforme [&hellip;]\" \/>\n<meta property=\"og:url\" content=\"https:\/\/lblconsulting.es\/eu\/accesibilidad\/\" \/>\n<meta property=\"og:site_name\" content=\"LBL Consulting\" \/>\n<meta property=\"article:modified_time\" content=\"2025-11-26T11:35:36+00:00\" \/>\n<meta name=\"twitter:card\" content=\"summary_large_image\" \/>\n<script type=\"application\/ld+json\" class=\"yoast-schema-graph\">{\"@context\":\"https:\\\/\\\/schema.org\",\"@graph\":[{\"@type\":\"WebPage\",\"@id\":\"https:\\\/\\\/lblconsulting.es\\\/accesibilidad\\\/\",\"url\":\"https:\\\/\\\/lblconsulting.es\\\/accesibilidad\\\/\",\"name\":\"Accesibilidad - LBL Consulting\",\"isPartOf\":{\"@id\":\"https:\\\/\\\/lblconsulting.es\\\/#website\"},\"datePublished\":\"2023-07-12T15:11:45+00:00\",\"dateModified\":\"2025-11-26T11:35:36+00:00\",\"breadcrumb\":{\"@id\":\"https:\\\/\\\/lblconsulting.es\\\/accesibilidad\\\/#breadcrumb\"},\"inLanguage\":\"eu\",\"potentialAction\":[{\"@type\":\"ReadAction\",\"target\":[\"https:\\\/\\\/lblconsulting.es\\\/accesibilidad\\\/\"]}]},{\"@type\":\"BreadcrumbList\",\"@id\":\"https:\\\/\\\/lblconsulting.es\\\/accesibilidad\\\/#breadcrumb\",\"itemListElement\":[{\"@type\":\"ListItem\",\"position\":1,\"name\":\"Portada\",\"item\":\"https:\\\/\\\/lblconsulting.es\\\/\"},{\"@type\":\"ListItem\",\"position\":2,\"name\":\"Accesibilidad\"}]},{\"@type\":\"WebSite\",\"@id\":\"https:\\\/\\\/lblconsulting.es\\\/#website\",\"url\":\"https:\\\/\\\/lblconsulting.es\\\/\",\"name\":\"LBL Consulting\",\"description\":\"Auditor\u00eda en sistemas de Gesti\u00f3n Empresarial\",\"publisher\":{\"@id\":\"https:\\\/\\\/lblconsulting.es\\\/#organization\"},\"potentialAction\":[{\"@type\":\"SearchAction\",\"target\":{\"@type\":\"EntryPoint\",\"urlTemplate\":\"https:\\\/\\\/lblconsulting.es\\\/?s={search_term_string}\"},\"query-input\":{\"@type\":\"PropertyValueSpecification\",\"valueRequired\":true,\"valueName\":\"search_term_string\"}}],\"inLanguage\":\"eu\"},{\"@type\":\"Organization\",\"@id\":\"https:\\\/\\\/lblconsulting.es\\\/#organization\",\"name\":\"LBL Consulting\",\"url\":\"https:\\\/\\\/lblconsulting.es\\\/\",\"logo\":{\"@type\":\"ImageObject\",\"inLanguage\":\"eu\",\"@id\":\"https:\\\/\\\/lblconsulting.es\\\/#\\\/schema\\\/logo\\\/image\\\/\",\"url\":\"https:\\\/\\\/lblconsulting.es\\\/wp-content\\\/uploads\\\/2023\\\/07\\\/cropped-Diseno-sin-titulo-e1764159833868.png\",\"contentUrl\":\"https:\\\/\\\/lblconsulting.es\\\/wp-content\\\/uploads\\\/2023\\\/07\\\/cropped-Diseno-sin-titulo-e1764159833868.png\",\"width\":320,\"height\":318,\"caption\":\"LBL Consulting\"},\"image\":{\"@id\":\"https:\\\/\\\/lblconsulting.es\\\/#\\\/schema\\\/logo\\\/image\\\/\"}}]}<\/script>\n<!-- \/ Yoast SEO plugin. -->","yoast_head_json":{"title":"Accesibilidad - LBL Consulting","robots":{"index":"index","follow":"follow","max-snippet":"max-snippet:-1","max-image-preview":"max-image-preview:large","max-video-preview":"max-video-preview:-1"},"canonical":"https:\/\/lblconsulting.es\/eu\/accesibilidad\/","og_locale":"en_US","og_type":"article","og_title":"Accesibilidad - LBL Consulting","og_description":"ACCESIBILIDAD LBL consulting\u00a0se ha comprometido a hacer accesible su sitio web, de conformidad con el\u00a0Real Decreto 1112\/2018, de 7 de septiembre, sobre accesibilidad de los sitios web y aplicaciones para dispositivos m\u00f3viles del sector p\u00fablico. La presente declaraci\u00f3n de accesibilidad se aplica al sitio web https:\/\/lblconsulting.es\/ Situaci\u00f3n de cumplimiento Este sitio web es parcialmente conforme [&hellip;]","og_url":"https:\/\/lblconsulting.es\/eu\/accesibilidad\/","og_site_name":"LBL Consulting","article_modified_time":"2025-11-26T11:35:36+00:00","twitter_card":"summary_large_image","schema":{"@context":"https:\/\/schema.org","@graph":[{"@type":"WebPage","@id":"https:\/\/lblconsulting.es\/accesibilidad\/","url":"https:\/\/lblconsulting.es\/accesibilidad\/","name":"Accesibilidad - LBL Consulting","isPartOf":{"@id":"https:\/\/lblconsulting.es\/#website"},"datePublished":"2023-07-12T15:11:45+00:00","dateModified":"2025-11-26T11:35:36+00:00","breadcrumb":{"@id":"https:\/\/lblconsulting.es\/accesibilidad\/#breadcrumb"},"inLanguage":"eu","potentialAction":[{"@type":"ReadAction","target":["https:\/\/lblconsulting.es\/accesibilidad\/"]}]},{"@type":"BreadcrumbList","@id":"https:\/\/lblconsulting.es\/accesibilidad\/#breadcrumb","itemListElement":[{"@type":"ListItem","position":1,"name":"Portada","item":"https:\/\/lblconsulting.es\/"},{"@type":"ListItem","position":2,"name":"Accesibilidad"}]},{"@type":"WebSite","@id":"https:\/\/lblconsulting.es\/#website","url":"https:\/\/lblconsulting.es\/","name":"LBL Consulting","description":"Auditor\u00eda en sistemas de Gesti\u00f3n Empresarial","publisher":{"@id":"https:\/\/lblconsulting.es\/#organization"},"potentialAction":[{"@type":"SearchAction","target":{"@type":"EntryPoint","urlTemplate":"https:\/\/lblconsulting.es\/?s={search_term_string}"},"query-input":{"@type":"PropertyValueSpecification","valueRequired":true,"valueName":"search_term_string"}}],"inLanguage":"eu"},{"@type":"Organization","@id":"https:\/\/lblconsulting.es\/#organization","name":"LBL Consulting","url":"https:\/\/lblconsulting.es\/","logo":{"@type":"ImageObject","inLanguage":"eu","@id":"https:\/\/lblconsulting.es\/#\/schema\/logo\/image\/","url":"https:\/\/lblconsulting.es\/wp-content\/uploads\/2023\/07\/cropped-Diseno-sin-titulo-e1764159833868.png","contentUrl":"https:\/\/lblconsulting.es\/wp-content\/uploads\/2023\/07\/cropped-Diseno-sin-titulo-e1764159833868.png","width":320,"height":318,"caption":"LBL Consulting"},"image":{"@id":"https:\/\/lblconsulting.es\/#\/schema\/logo\/image\/"}}]}},"_links":{"self":[{"href":"https:\/\/lblconsulting.es\/eu\/wp-json\/wp\/v2\/pages\/34","targetHints":{"allow":["GET"]}}],"collection":[{"href":"https:\/\/lblconsulting.es\/eu\/wp-json\/wp\/v2\/pages"}],"about":[{"href":"https:\/\/lblconsulting.es\/eu\/wp-json\/wp\/v2\/types\/page"}],"author":[{"embeddable":true,"href":"https:\/\/lblconsulting.es\/eu\/wp-json\/wp\/v2\/users\/1"}],"replies":[{"embeddable":true,"href":"https:\/\/lblconsulting.es\/eu\/wp-json\/wp\/v2\/comments?post=34"}],"version-history":[{"count":13,"href":"https:\/\/lblconsulting.es\/eu\/wp-json\/wp\/v2\/pages\/34\/revisions"}],"predecessor-version":[{"id":788,"href":"https:\/\/lblconsulting.es\/eu\/wp-json\/wp\/v2\/pages\/34\/revisions\/788"}],"wp:attachment":[{"href":"https:\/\/lblconsulting.es\/eu\/wp-json\/wp\/v2\/media?parent=34"}],"curies":[{"name":"wp","href":"https:\/\/api.w.org\/{rel}","templated":true}]}}