{"id":22,"date":"2023-07-12T14:52:08","date_gmt":"2023-07-12T14:52:08","guid":{"rendered":"https:\/\/web4.rkinformatika.net\/bkiconsulting\/?page_id=22"},"modified":"2025-11-28T12:33:27","modified_gmt":"2025-11-28T12:33:27","slug":"consultoria","status":"publish","type":"page","link":"https:\/\/lblconsulting.es\/eu\/consultoria\/","title":{"rendered":"Aholkularitza"},"content":{"rendered":"<div data-elementor-type=\"wp-page\" data-elementor-id=\"22\" class=\"elementor elementor-22\" data-elementor-post-type=\"page\">\n\t\t\t\t\t\t<section class=\"elementor-section elementor-top-section elementor-element elementor-element-c905a8e elementor-section-boxed elementor-section-height-default elementor-section-height-default\" data-id=\"c905a8e\" data-element_type=\"section\" data-e-type=\"section\" data-settings=\"{&quot;background_background&quot;:&quot;classic&quot;}\">\n\t\t\t\t\t\t\t<div class=\"elementor-background-overlay\"><\/div>\n\t\t\t\t\t\t\t<div class=\"elementor-container elementor-column-gap-default\">\n\t\t\t\t\t<div class=\"elementor-column elementor-col-100 elementor-top-column elementor-element elementor-element-d7a8a7b\" data-id=\"d7a8a7b\" data-element_type=\"column\" data-e-type=\"column\">\n\t\t\t<div class=\"elementor-widget-wrap\">\n\t\t\t\t\t\t\t<\/div>\n\t\t<\/div>\n\t\t\t\t\t<\/div>\n\t\t<\/section>\n\t\t\t\t<section class=\"elementor-section elementor-top-section elementor-element elementor-element-390a07b elementor-section-boxed elementor-section-height-default elementor-section-height-default\" data-id=\"390a07b\" data-element_type=\"section\" data-e-type=\"section\">\n\t\t\t\t\t\t<div class=\"elementor-container elementor-column-gap-default\">\n\t\t\t\t\t<div class=\"elementor-column elementor-col-50 elementor-top-column elementor-element elementor-element-0cabd18\" data-id=\"0cabd18\" data-element_type=\"column\" data-e-type=\"column\">\n\t\t\t<div class=\"elementor-widget-wrap elementor-element-populated\">\n\t\t\t\t\t\t<div class=\"elementor-element elementor-element-cceb68e elementor-invisible elementor-widget elementor-widget-heading\" data-id=\"cceb68e\" data-element_type=\"widget\" data-e-type=\"widget\" data-settings=\"{&quot;_animation&quot;:&quot;fadeInDown&quot;}\" data-widget_type=\"heading.default\">\n\t\t\t\t<div class=\"elementor-widget-container\">\n\t\t\t\t\t<h2 class=\"elementor-heading-title elementor-size-default\">Aholkularitza<\/h2>\t\t\t\t<\/div>\n\t\t\t\t<\/div>\n\t\t\t\t<div class=\"elementor-element elementor-element-34d5c97 elementor-widget elementor-widget-text-editor\" data-id=\"34d5c97\" data-element_type=\"widget\" data-e-type=\"widget\" data-widget_type=\"text-editor.default\">\n\t\t\t\t<div class=\"elementor-widget-container\">\n\t\t\t\t\t\t\t\t\t<h5><strong>Somos expertos en dos \u00e1mbitos de trabajo:<\/strong><\/h5><p>-Gesti\u00f3n Empresarial.<\/p><p>-Medioambiente y de igualdad.<\/p>\t\t\t\t\t\t\t\t<\/div>\n\t\t\t\t<\/div>\n\t\t\t\t<div class=\"elementor-element elementor-element-ecc42cf elementor-widget elementor-widget-text-editor\" data-id=\"ecc42cf\" data-element_type=\"widget\" data-e-type=\"widget\" data-widget_type=\"text-editor.default\">\n\t\t\t\t<div class=\"elementor-widget-container\">\n\t\t\t\t\t\t\t\t\t<p><strong>Damos respuesta a servicios de apoyo t\u00e9cnico e implantaci\u00f3n en:<\/strong><\/p><p>&#8211; Sistemas de Gesti\u00f3n de la Calidad ISO 9001.<br \/>&#8211; Protecci\u00f3n de Datos Personales.<br \/>-Planes de igualdad.<br \/>-Planes de conciliaci\u00f3n<br \/>-Sistemas de seguridad de la informaci\u00f3n<br \/>-Sistemas de gesti\u00f3n basados en la responsabilidad social corporativa<\/p>\t\t\t\t\t\t\t\t<\/div>\n\t\t\t\t<\/div>\n\t\t\t\t\t<\/div>\n\t\t<\/div>\n\t\t\t\t<div class=\"elementor-column elementor-col-50 elementor-top-column elementor-element elementor-element-469086c\" data-id=\"469086c\" data-element_type=\"column\" data-e-type=\"column\">\n\t\t\t<div class=\"elementor-widget-wrap elementor-element-populated\">\n\t\t\t\t\t\t<div class=\"elementor-element elementor-element-00feeba elementor-widget elementor-widget-image\" data-id=\"00feeba\" data-element_type=\"widget\" data-e-type=\"widget\" data-widget_type=\"image.default\">\n\t\t\t\t<div class=\"elementor-widget-container\">\n\t\t\t\t\t\t\t\t\t\t\t\t\t\t\t<img fetchpriority=\"high\" decoding=\"async\" width=\"1200\" height=\"800\" src=\"https:\/\/lblconsulting.es\/wp-content\/uploads\/2023\/07\/blog4.jpg\" class=\"attachment-full size-full wp-image-499\" alt=\"\" srcset=\"https:\/\/lblconsulting.es\/wp-content\/uploads\/2023\/07\/blog4.jpg 1200w, https:\/\/lblconsulting.es\/wp-content\/uploads\/2023\/07\/blog4-600x400.jpg 600w, https:\/\/lblconsulting.es\/wp-content\/uploads\/2023\/07\/blog4-300x200.jpg 300w, https:\/\/lblconsulting.es\/wp-content\/uploads\/2023\/07\/blog4-1024x683.jpg 1024w, https:\/\/lblconsulting.es\/wp-content\/uploads\/2023\/07\/blog4-768x512.jpg 768w\" sizes=\"(max-width: 1200px) 100vw, 1200px\" \/>\t\t\t\t\t\t\t\t\t\t\t\t\t\t\t<\/div>\n\t\t\t\t<\/div>\n\t\t\t\t\t<\/div>\n\t\t<\/div>\n\t\t\t\t\t<\/div>\n\t\t<\/section>\n\t\t\t\t<\/div>","protected":false},"excerpt":{"rendered":"<p>Consultoria Somos expertos en dos \u00e1mbitos de trabajo: -Gesti\u00f3n Empresarial. -Medioambiente y de igualdad. Damos respuesta a servicios de apoyo t\u00e9cnico e implantaci\u00f3n en: &#8211; Sistemas de Gesti\u00f3n de la Calidad ISO 9001.&#8211; Protecci\u00f3n de Datos Personales.-Planes de igualdad.-Planes de conciliaci\u00f3n-Sistemas de seguridad de la informaci\u00f3n-Sistemas de gesti\u00f3n basados en la responsabilidad social corporativa<\/p>","protected":false},"author":1,"featured_media":0,"parent":0,"menu_order":0,"comment_status":"closed","ping_status":"closed","template":"elementor_canvas","meta":{"footnotes":""},"class_list":["post-22","page","type-page","status-publish","hentry"],"yoast_head":"<!-- This site is optimized with the Yoast SEO plugin v27.3 - https:\/\/yoast.com\/product\/yoast-seo-wordpress\/ -->\n<title>Consultoria - LBL Consulting<\/title>\n<meta name=\"robots\" content=\"index, follow, max-snippet:-1, max-image-preview:large, max-video-preview:-1\" \/>\n<link rel=\"canonical\" href=\"https:\/\/lblconsulting.es\/eu\/consultoria\/\" \/>\n<meta property=\"og:locale\" content=\"en_US\" \/>\n<meta property=\"og:type\" content=\"article\" \/>\n<meta property=\"og:title\" content=\"Consultoria - LBL Consulting\" \/>\n<meta property=\"og:description\" content=\"Consultoria Somos expertos en dos \u00e1mbitos de trabajo: -Gesti\u00f3n Empresarial. -Medioambiente y de igualdad. Damos respuesta a servicios de apoyo t\u00e9cnico e implantaci\u00f3n en: &#8211; Sistemas de Gesti\u00f3n de la Calidad ISO 9001.&#8211; Protecci\u00f3n de Datos Personales.-Planes de igualdad.-Planes de conciliaci\u00f3n-Sistemas de seguridad de la informaci\u00f3n-Sistemas de gesti\u00f3n basados en la responsabilidad social corporativa\" \/>\n<meta property=\"og:url\" content=\"https:\/\/lblconsulting.es\/eu\/consultoria\/\" \/>\n<meta property=\"og:site_name\" content=\"LBL Consulting\" \/>\n<meta property=\"article:modified_time\" content=\"2025-11-28T12:33:27+00:00\" \/>\n<meta property=\"og:image\" content=\"https:\/\/lblconsulting.es\/wp-content\/uploads\/2023\/07\/blog4.jpg\" \/>\n\t<meta property=\"og:image:width\" content=\"1200\" \/>\n\t<meta property=\"og:image:height\" content=\"800\" \/>\n\t<meta property=\"og:image:type\" content=\"image\/jpeg\" \/>\n<meta name=\"twitter:card\" content=\"summary_large_image\" \/>\n<script type=\"application\/ld+json\" class=\"yoast-schema-graph\">{\"@context\":\"https:\\\/\\\/schema.org\",\"@graph\":[{\"@type\":\"WebPage\",\"@id\":\"https:\\\/\\\/lblconsulting.es\\\/consultoria\\\/\",\"url\":\"https:\\\/\\\/lblconsulting.es\\\/consultoria\\\/\",\"name\":\"Consultoria - LBL Consulting\",\"isPartOf\":{\"@id\":\"https:\\\/\\\/lblconsulting.es\\\/#website\"},\"primaryImageOfPage\":{\"@id\":\"https:\\\/\\\/lblconsulting.es\\\/consultoria\\\/#primaryimage\"},\"image\":{\"@id\":\"https:\\\/\\\/lblconsulting.es\\\/consultoria\\\/#primaryimage\"},\"thumbnailUrl\":\"https:\\\/\\\/lblconsulting.es\\\/wp-content\\\/uploads\\\/2023\\\/07\\\/blog4.jpg\",\"datePublished\":\"2023-07-12T14:52:08+00:00\",\"dateModified\":\"2025-11-28T12:33:27+00:00\",\"breadcrumb\":{\"@id\":\"https:\\\/\\\/lblconsulting.es\\\/consultoria\\\/#breadcrumb\"},\"inLanguage\":\"eu\",\"potentialAction\":[{\"@type\":\"ReadAction\",\"target\":[\"https:\\\/\\\/lblconsulting.es\\\/consultoria\\\/\"]}]},{\"@type\":\"ImageObject\",\"inLanguage\":\"eu\",\"@id\":\"https:\\\/\\\/lblconsulting.es\\\/consultoria\\\/#primaryimage\",\"url\":\"https:\\\/\\\/lblconsulting.es\\\/wp-content\\\/uploads\\\/2023\\\/07\\\/blog4.jpg\",\"contentUrl\":\"https:\\\/\\\/lblconsulting.es\\\/wp-content\\\/uploads\\\/2023\\\/07\\\/blog4.jpg\"},{\"@type\":\"BreadcrumbList\",\"@id\":\"https:\\\/\\\/lblconsulting.es\\\/consultoria\\\/#breadcrumb\",\"itemListElement\":[{\"@type\":\"ListItem\",\"position\":1,\"name\":\"Portada\",\"item\":\"https:\\\/\\\/lblconsulting.es\\\/\"},{\"@type\":\"ListItem\",\"position\":2,\"name\":\"Consultoria\"}]},{\"@type\":\"WebSite\",\"@id\":\"https:\\\/\\\/lblconsulting.es\\\/#website\",\"url\":\"https:\\\/\\\/lblconsulting.es\\\/\",\"name\":\"LBL Consulting\",\"description\":\"Auditor\u00eda en sistemas de Gesti\u00f3n Empresarial\",\"publisher\":{\"@id\":\"https:\\\/\\\/lblconsulting.es\\\/#organization\"},\"potentialAction\":[{\"@type\":\"SearchAction\",\"target\":{\"@type\":\"EntryPoint\",\"urlTemplate\":\"https:\\\/\\\/lblconsulting.es\\\/?s={search_term_string}\"},\"query-input\":{\"@type\":\"PropertyValueSpecification\",\"valueRequired\":true,\"valueName\":\"search_term_string\"}}],\"inLanguage\":\"eu\"},{\"@type\":\"Organization\",\"@id\":\"https:\\\/\\\/lblconsulting.es\\\/#organization\",\"name\":\"LBL Consulting\",\"url\":\"https:\\\/\\\/lblconsulting.es\\\/\",\"logo\":{\"@type\":\"ImageObject\",\"inLanguage\":\"eu\",\"@id\":\"https:\\\/\\\/lblconsulting.es\\\/#\\\/schema\\\/logo\\\/image\\\/\",\"url\":\"https:\\\/\\\/lblconsulting.es\\\/wp-content\\\/uploads\\\/2023\\\/07\\\/cropped-Diseno-sin-titulo-e1764159833868.png\",\"contentUrl\":\"https:\\\/\\\/lblconsulting.es\\\/wp-content\\\/uploads\\\/2023\\\/07\\\/cropped-Diseno-sin-titulo-e1764159833868.png\",\"width\":320,\"height\":318,\"caption\":\"LBL Consulting\"},\"image\":{\"@id\":\"https:\\\/\\\/lblconsulting.es\\\/#\\\/schema\\\/logo\\\/image\\\/\"}}]}<\/script>\n<!-- \/ Yoast SEO plugin. -->","yoast_head_json":{"title":"Consultoria - LBL Consulting","robots":{"index":"index","follow":"follow","max-snippet":"max-snippet:-1","max-image-preview":"max-image-preview:large","max-video-preview":"max-video-preview:-1"},"canonical":"https:\/\/lblconsulting.es\/eu\/consultoria\/","og_locale":"en_US","og_type":"article","og_title":"Consultoria - LBL Consulting","og_description":"Consultoria Somos expertos en dos \u00e1mbitos de trabajo: -Gesti\u00f3n Empresarial. -Medioambiente y de igualdad. Damos respuesta a servicios de apoyo t\u00e9cnico e implantaci\u00f3n en: &#8211; Sistemas de Gesti\u00f3n de la Calidad ISO 9001.&#8211; Protecci\u00f3n de Datos Personales.-Planes de igualdad.-Planes de conciliaci\u00f3n-Sistemas de seguridad de la informaci\u00f3n-Sistemas de gesti\u00f3n basados en la responsabilidad social corporativa","og_url":"https:\/\/lblconsulting.es\/eu\/consultoria\/","og_site_name":"LBL Consulting","article_modified_time":"2025-11-28T12:33:27+00:00","og_image":[{"width":1200,"height":800,"url":"https:\/\/lblconsulting.es\/wp-content\/uploads\/2023\/07\/blog4.jpg","type":"image\/jpeg"}],"twitter_card":"summary_large_image","schema":{"@context":"https:\/\/schema.org","@graph":[{"@type":"WebPage","@id":"https:\/\/lblconsulting.es\/consultoria\/","url":"https:\/\/lblconsulting.es\/consultoria\/","name":"Consultoria - LBL Consulting","isPartOf":{"@id":"https:\/\/lblconsulting.es\/#website"},"primaryImageOfPage":{"@id":"https:\/\/lblconsulting.es\/consultoria\/#primaryimage"},"image":{"@id":"https:\/\/lblconsulting.es\/consultoria\/#primaryimage"},"thumbnailUrl":"https:\/\/lblconsulting.es\/wp-content\/uploads\/2023\/07\/blog4.jpg","datePublished":"2023-07-12T14:52:08+00:00","dateModified":"2025-11-28T12:33:27+00:00","breadcrumb":{"@id":"https:\/\/lblconsulting.es\/consultoria\/#breadcrumb"},"inLanguage":"eu","potentialAction":[{"@type":"ReadAction","target":["https:\/\/lblconsulting.es\/consultoria\/"]}]},{"@type":"ImageObject","inLanguage":"eu","@id":"https:\/\/lblconsulting.es\/consultoria\/#primaryimage","url":"https:\/\/lblconsulting.es\/wp-content\/uploads\/2023\/07\/blog4.jpg","contentUrl":"https:\/\/lblconsulting.es\/wp-content\/uploads\/2023\/07\/blog4.jpg"},{"@type":"BreadcrumbList","@id":"https:\/\/lblconsulting.es\/consultoria\/#breadcrumb","itemListElement":[{"@type":"ListItem","position":1,"name":"Portada","item":"https:\/\/lblconsulting.es\/"},{"@type":"ListItem","position":2,"name":"Consultoria"}]},{"@type":"WebSite","@id":"https:\/\/lblconsulting.es\/#website","url":"https:\/\/lblconsulting.es\/","name":"LBL Consulting","description":"Auditor\u00eda en sistemas de Gesti\u00f3n Empresarial","publisher":{"@id":"https:\/\/lblconsulting.es\/#organization"},"potentialAction":[{"@type":"SearchAction","target":{"@type":"EntryPoint","urlTemplate":"https:\/\/lblconsulting.es\/?s={search_term_string}"},"query-input":{"@type":"PropertyValueSpecification","valueRequired":true,"valueName":"search_term_string"}}],"inLanguage":"eu"},{"@type":"Organization","@id":"https:\/\/lblconsulting.es\/#organization","name":"LBL Consulting","url":"https:\/\/lblconsulting.es\/","logo":{"@type":"ImageObject","inLanguage":"eu","@id":"https:\/\/lblconsulting.es\/#\/schema\/logo\/image\/","url":"https:\/\/lblconsulting.es\/wp-content\/uploads\/2023\/07\/cropped-Diseno-sin-titulo-e1764159833868.png","contentUrl":"https:\/\/lblconsulting.es\/wp-content\/uploads\/2023\/07\/cropped-Diseno-sin-titulo-e1764159833868.png","width":320,"height":318,"caption":"LBL Consulting"},"image":{"@id":"https:\/\/lblconsulting.es\/#\/schema\/logo\/image\/"}}]}},"_links":{"self":[{"href":"https:\/\/lblconsulting.es\/eu\/wp-json\/wp\/v2\/pages\/22","targetHints":{"allow":["GET"]}}],"collection":[{"href":"https:\/\/lblconsulting.es\/eu\/wp-json\/wp\/v2\/pages"}],"about":[{"href":"https:\/\/lblconsulting.es\/eu\/wp-json\/wp\/v2\/types\/page"}],"author":[{"embeddable":true,"href":"https:\/\/lblconsulting.es\/eu\/wp-json\/wp\/v2\/users\/1"}],"replies":[{"embeddable":true,"href":"https:\/\/lblconsulting.es\/eu\/wp-json\/wp\/v2\/comments?post=22"}],"version-history":[{"count":79,"href":"https:\/\/lblconsulting.es\/eu\/wp-json\/wp\/v2\/pages\/22\/revisions"}],"predecessor-version":[{"id":1050,"href":"https:\/\/lblconsulting.es\/eu\/wp-json\/wp\/v2\/pages\/22\/revisions\/1050"}],"wp:attachment":[{"href":"https:\/\/lblconsulting.es\/eu\/wp-json\/wp\/v2\/media?parent=22"}],"curies":[{"name":"wp","href":"https:\/\/api.w.org\/{rel}","templated":true}]}}